{"id":25,"date":"2021-07-29T10:24:08","date_gmt":"2021-07-29T13:24:08","guid":{"rendered":"https:\/\/distribuidoratitan.com.ar\/?page_id=25"},"modified":"2021-07-29T18:40:28","modified_gmt":"2021-07-29T21:40:28","slug":"nosotros","status":"publish","type":"page","link":"https:\/\/distribuidoratitan.com.ar\/?page_id=25","title":{"rendered":"Nosotros"},"content":{"rendered":"\t\t<div data-elementor-type=\"wp-page\" data-elementor-id=\"25\" class=\"elementor elementor-25\">\n\t\t\t\t\t\t\t\t\t<section class=\"elementor-section elementor-top-section elementor-element elementor-element-9d96e68 elementor-section-boxed elementor-section-height-default elementor-section-height-default\" data-id=\"9d96e68\" data-element_type=\"section\">\n\t\t\t\t\t\t<div class=\"elementor-container elementor-column-gap-default\">\n\t\t\t\t\t<div class=\"elementor-column elementor-col-50 elementor-top-column elementor-element elementor-element-acaee9f\" data-id=\"acaee9f\" data-element_type=\"column\">\n\t\t\t<div class=\"elementor-widget-wrap elementor-element-populated\">\n\t\t\t\t\t\t\t\t<div class=\"elementor-element elementor-element-5d4b33a elementor-widget elementor-widget-image\" data-id=\"5d4b33a\" data-element_type=\"widget\" data-widget_type=\"image.default\">\n\t\t\t\t<div class=\"elementor-widget-container\">\n\t\t\t<style>\/*! elementor - v3.11.0 - 08-02-2023 *\/\n.elementor-widget-image{text-align:center}.elementor-widget-image a{display:inline-block}.elementor-widget-image a img[src$=\".svg\"]{width:48px}.elementor-widget-image img{vertical-align:middle;display:inline-block}<\/style>\t\t\t\t\t\t\t\t\t\t\t\t<img loading=\"lazy\" decoding=\"async\" width=\"639\" height=\"426\" src=\"https:\/\/distribuidoratitan.com.ar\/wp-content\/uploads\/2021\/07\/herramientasdtitan.jpg\" class=\"attachment-large size-large wp-image-1286\" alt=\"\" srcset=\"https:\/\/distribuidoratitan.com.ar\/wp-content\/uploads\/2021\/07\/herramientasdtitan.jpg 639w, https:\/\/distribuidoratitan.com.ar\/wp-content\/uploads\/2021\/07\/herramientasdtitan-300x200.jpg 300w, https:\/\/distribuidoratitan.com.ar\/wp-content\/uploads\/2021\/07\/herramientasdtitan-504x336.jpg 504w\" sizes=\"auto, (max-width: 639px) 100vw, 639px\" \/>\t\t\t\t\t\t\t\t\t\t\t\t\t\t\t<\/div>\n\t\t\t\t<\/div>\n\t\t\t\t\t<\/div>\n\t\t<\/div>\n\t\t\t\t<div class=\"elementor-column elementor-col-50 elementor-top-column elementor-element elementor-element-a4b9152\" data-id=\"a4b9152\" data-element_type=\"column\">\n\t\t\t<div class=\"elementor-widget-wrap elementor-element-populated\">\n\t\t\t\t\t\t\t\t<div class=\"elementor-element elementor-element-ddca20a elementor-widget elementor-widget-text-editor\" data-id=\"ddca20a\" data-element_type=\"widget\" data-widget_type=\"text-editor.default\">\n\t\t\t\t<div class=\"elementor-widget-container\">\n\t\t\t<style>\/*! elementor - v3.11.0 - 08-02-2023 *\/\n.elementor-widget-text-editor.elementor-drop-cap-view-stacked .elementor-drop-cap{background-color:#818a91;color:#fff}.elementor-widget-text-editor.elementor-drop-cap-view-framed .elementor-drop-cap{color:#818a91;border:3px solid;background-color:transparent}.elementor-widget-text-editor:not(.elementor-drop-cap-view-default) .elementor-drop-cap{margin-top:8px}.elementor-widget-text-editor:not(.elementor-drop-cap-view-default) .elementor-drop-cap-letter{width:1em;height:1em}.elementor-widget-text-editor .elementor-drop-cap{float:left;text-align:center;line-height:1;font-size:50px}.elementor-widget-text-editor .elementor-drop-cap-letter{display:inline-block}<\/style>\t\t\t\t<p>Tenemos la m\u00e1xima variedad y calidad de productos, el mejor precio y por sobretodo la mejor atenci\u00f3n.<\/p><p>En DISTRIBUIDORA TITAN estamos siempre pensando en como hacer mas f\u00e1cil el negocio de la ferreter\u00eda.<\/p><p>Somos una empresa dedicada a la representaci\u00f3n de f\u00e1bricas Nacionales e importadas.\u00a0 Desde el a\u00f1o 2014\u00a0 trabajando duro en el gremio ferretero, los cuales han posicionado a las f\u00e1bricas a las que representamos entre las m\u00e1s elegidas.<\/p><p>Usted podr\u00e1 darse cuenta que a partir del momento en que nos elige, sus transacciones ser\u00e1n m\u00e1s sencillas, puesto que nos encargamos de gestionar su pedido y la cobranza del mismo con la garant\u00eda y seriedad que nos caracteriza, con la cual usted estar\u00e1 trabajando con varias marcas a la vez.<\/p><p>Encontrar\u00e1 en nosotros seriedad, responsabilidad, celeridad, atenci\u00f3n personalizada y por sobre todas las cosas, calidez humana.<\/p>\t\t\t\t\t\t<\/div>\n\t\t\t\t<\/div>\n\t\t\t\t\t<\/div>\n\t\t<\/div>\n\t\t\t\t\t\t\t<\/div>\n\t\t<\/section>\n\t\t\t\t<section class=\"elementor-section elementor-top-section elementor-element elementor-element-12ad836 elementor-section-boxed elementor-section-height-default elementor-section-height-default\" data-id=\"12ad836\" data-element_type=\"section\">\n\t\t\t\t\t\t<div class=\"elementor-container elementor-column-gap-default\">\n\t\t\t\t\t<div class=\"elementor-column elementor-col-100 elementor-top-column elementor-element elementor-element-ca20dd8\" data-id=\"ca20dd8\" data-element_type=\"column\">\n\t\t\t<div class=\"elementor-widget-wrap elementor-element-populated\">\n\t\t\t\t\t\t\t\t<div class=\"elementor-element elementor-element-2a6a5e4 elementor-widget elementor-widget-image\" data-id=\"2a6a5e4\" data-element_type=\"widget\" data-widget_type=\"image.default\">\n\t\t\t\t<div class=\"elementor-widget-container\">\n\t\t\t\t\t\t\t\t\t\t\t\t\t\t\t<img loading=\"lazy\" decoding=\"async\" width=\"268\" height=\"87\" src=\"https:\/\/distribuidoratitan.com.ar\/wp-content\/uploads\/2021\/07\/logoweb_titandistribuidora.jpg\" class=\"attachment-full size-full wp-image-11\" alt=\"\" srcset=\"https:\/\/distribuidoratitan.com.ar\/wp-content\/uploads\/2021\/07\/logoweb_titandistribuidora.jpg 268w, https:\/\/distribuidoratitan.com.ar\/wp-content\/uploads\/2021\/07\/logoweb_titandistribuidora-265x87.jpg 265w\" sizes=\"auto, (max-width: 268px) 100vw, 268px\" \/>\t\t\t\t\t\t\t\t\t\t\t\t\t\t\t<\/div>\n\t\t\t\t<\/div>\n\t\t\t\t\t<\/div>\n\t\t<\/div>\n\t\t\t\t\t\t\t<\/div>\n\t\t<\/section>\n\t\t\t\t\t\t\t<\/div>\n\t\t","protected":false},"excerpt":{"rendered":"<p>Tenemos la m\u00e1xima variedad y calidad de productos, el mejor precio y por sobretodo la mejor atenci\u00f3n. En DISTRIBUIDORA TITAN estamos siempre pensando en como hacer mas f\u00e1cil el negocio de la ferreter\u00eda. Somos una empresa dedicada a la representaci\u00f3n de f\u00e1bricas Nacionales e importadas.\u00a0 Desde el a\u00f1o 2014\u00a0 trabajando duro en el gremio ferretero, [&hellip;]<\/p>\n","protected":false},"author":1,"featured_media":0,"parent":0,"menu_order":0,"comment_status":"closed","ping_status":"closed","template":"","meta":{"_joinchat":[],"footnotes":""},"class_list":["post-25","page","type-page","status-publish","hentry","entry","owp-thumbs-layout-horizontal","owp-btn-normal","owp-tabs-layout-horizontal","has-no-thumbnails","has-product-nav"],"_links":{"self":[{"href":"https:\/\/distribuidoratitan.com.ar\/index.php?rest_route=\/wp\/v2\/pages\/25","targetHints":{"allow":["GET"]}}],"collection":[{"href":"https:\/\/distribuidoratitan.com.ar\/index.php?rest_route=\/wp\/v2\/pages"}],"about":[{"href":"https:\/\/distribuidoratitan.com.ar\/index.php?rest_route=\/wp\/v2\/types\/page"}],"author":[{"embeddable":true,"href":"https:\/\/distribuidoratitan.com.ar\/index.php?rest_route=\/wp\/v2\/users\/1"}],"replies":[{"embeddable":true,"href":"https:\/\/distribuidoratitan.com.ar\/index.php?rest_route=%2Fwp%2Fv2%2Fcomments&post=25"}],"version-history":[{"count":13,"href":"https:\/\/distribuidoratitan.com.ar\/index.php?rest_route=\/wp\/v2\/pages\/25\/revisions"}],"predecessor-version":[{"id":1295,"href":"https:\/\/distribuidoratitan.com.ar\/index.php?rest_route=\/wp\/v2\/pages\/25\/revisions\/1295"}],"wp:attachment":[{"href":"https:\/\/distribuidoratitan.com.ar\/index.php?rest_route=%2Fwp%2Fv2%2Fmedia&parent=25"}],"curies":[{"name":"wp","href":"https:\/\/api.w.org\/{rel}","templated":true}]}}